{"id":8630,"date":"2024-09-19T09:48:55","date_gmt":"2024-09-19T07:48:55","guid":{"rendered":"https:\/\/staging-mach-trade.baylife.it\/prodotto\/pressa-piegatrice-trumpf-trumabend-v500\/"},"modified":"2025-05-23T09:53:10","modified_gmt":"2025-05-23T07:53:10","slug":"pressa-piegatrice-trumpf-trumabend-v500","status":"publish","type":"product","link":"https:\/\/www.mach-trade.com\/it\/prodotto\/pressa-piegatrice-trumpf-trumabend-v500\/","title":{"rendered":"Pressa piegatrice Trumpf TrumaBend V500"},"content":{"rendered":"<p><img fetchpriority=\"high\" decoding=\"async\" width=\"768\" height=\"514\" src=\"https:\/\/www.mach-trade.com\/files\/2019\/10\/trumabend-v500-dettaglio-piano-lavoro-768x514.jpg\" alt=\"Pressa Piegatrice oleodinamica Trumpf mod. TumaBend V500\" \/>\t\t\t\t\t\t\t\t\t\t\t\t\t<\/p>\n<h3>Disponibile in MACH-TRADE<strong>\u00a0<\/strong><\/h3>\n<h2><strong>Pressa Piegatrice oleodinamica Trumpf mod. TumaBend V500 con cnc videografico 3D a colori &#8211; Usata<\/strong><\/h2>\n<p>\t\t\t\t\t\t\t\t\t\t\t\t\t<img decoding=\"async\" width=\"401\" height=\"600\" src=\"https:\/\/www.mach-trade.com\/files\/2019\/10\/trumabend-v500-pannello-controllo.jpg\" alt=\"\" \/><br \/>\n\t\t\t\t\t\t\t\t\t\t\t\t\t<img decoding=\"async\" width=\"401\" height=\"600\" src=\"https:\/\/www.mach-trade.com\/files\/2019\/10\/trumabend-v500-banco-attrezzaggio.jpg\" alt=\"Pressa Piegatrice TrumaBend V500 banco di attrezzaggio\" \/><br \/>\n\t\t\t\t\t\t\t\t\t\t\t\t\t<img loading=\"lazy\" decoding=\"async\" width=\"401\" height=\"600\" src=\"https:\/\/www.mach-trade.com\/files\/2019\/10\/v500-a.jpg\" alt=\"\" \/>\t\t\t\t\t\t\t\t\t\t\t\t\t<\/p>\n<p><strong>Descrizione<\/strong>:<\/p>\n<p>Costruita nel 2005, questa macchina rappresenta un&#8217;opportunit\u00e0 unica per migliorare la tua produttivit\u00e0 e ottenere risultati di alta qualit\u00e0. Equipaggiata con un sofisticato <strong>sistema CNC videografico 3D a colori,<\/strong> la <strong>Trumpf TumaBend V500<\/strong> offre un controllo preciso e intuitivo su ogni fase del <strong>processo di piegatura<\/strong>. La sua tecnologia all&#8217;avanguardia ti consente di visualizzare in modo chiaro e dettagliato il lavoro in corso, garantendo risultati accurati e uniformi su ogni pezzo.<\/p>\n<p>Con una <strong>lunghezza utile di piegatura di 1275 mm<\/strong> e una <strong>forza di piegatura di 50 tonnellate<\/strong>, questa pressa piegatrice \u00e8 in grado di gestire una vasta gamma di materiali e spessori con facilit\u00e0 e precisione. La sua <strong>sincronizzazione a 4 assi<\/strong> assicura una distribuzione uniforme della pressione lungo tutta la lunghezza della piega, garantendo risultati di alta qualit\u00e0 su ogni pezzo.<\/p>\n<p>Con una <strong>distanza libera tra i montanti di 1040 mm<\/strong>, una <strong>profondit\u00e0 incavo di 420 mm<\/strong> e un&#8217;<strong>apertura utile di 385 mm<\/strong>, questa macchina offre una versatilit\u00e0 senza pari nella <strong>lavorazione delle lamiere<\/strong>. La sua <strong>luce massima tra le tavole di 505 mm<\/strong> e una <strong>corsa di 215 mm<\/strong> la rendono ideale per una vasta gamma di applicazioni industriali. Affidati alla <strong>Trumpf TumaBend V500<\/strong> per ottenere prestazioni superiori e massimizzare la tua produttivit\u00e0.<\/p>\n<p>Contattaci per maggiori informazioni e per acquistare questa straordinaria pressa piegatrice oleodinamica usata.<\/p>\n<p><strong>Dati tecnici:<\/strong><\/p>\n<ul>\n<li>Anno: 2005<\/li>\n<li>Cnc videografico 3D a colori<\/li>\n<li>Sincronizzata 4 assi<\/li>\n<li>Lunghezza utile di piegatura: 1275 mm<\/li>\n<li>Forza di piegatura: 50 t<\/li>\n<li>Distanza libera tra i montanti: 1040 mm<\/li>\n<li>Profondit\u00e0 incavo: 420 mm<\/li>\n<li>Apertura utile: 385 mm<\/li>\n<li>Luce massima tra le tavole: 505 mm<\/li>\n<li>Corsa: 215 mm<\/li>\n<\/ul>\n<p><strong>Contattaci per ricevere tutte le informazioni su questa macchina:<\/strong><\/p>\n<ul>\n<li>utilizza il form di contatto<\/li>\n<li><a href=\"tel:+3904241752573\">telefonaci<\/a><\/li>\n<li><a href=\"mailto:info@mach-trade.com\">scrivici una mail<\/a><\/li>\n<\/ul>\n<p>\t\t\t\t\t<a href=\"mailto:info@mach-trade.com\"><\/p>\n<h2>\n\t\t\t\t\t\tinfo@mach-trade.com\t\t\t\t\t<\/h2>\n<p>\t\t\t\t\t\t<\/a><br \/>\n\t\t\t\t\t<a href=\"tel:+3904241752573\"><\/p>\n<h2>\n\t\t\t\t\t\t+39 0424 1752573 \t\t\t\t\t<\/h2>\n<p>\t\t\t\t\t\t<\/a><\/p>\n<h2>MACH-TRADE SRL il tuo usato first class con assistenza a 360\u00b0<\/h2>\n<p>\n\t\t\t\t\t\tIn MACH-TRADE trovi una vasta scelta di macchine utensili usate e nuove dei migliori marchi <b>in consegna immediata<\/b>.\t\t\t\t\t<\/p>\n<p>\n\t\t\t\t\t\tContattaci per una <b>consulenza personalizzata<\/b>: troveremo la migliore soluzione qualitativa alle tue esigenze produttive.\t\t\t\t\t<\/p>\n<p>\n\t\t\t\t\t\tCompriamo e ritiriamo i tuoi macchinari usati per la deformazione della lamiera con <b>pagamento prima del ritiro<\/b>.\t\t\t\t\t<\/p>\n<p>\n\t\t\t\t\t\tAcquistiamo macchinari usati di <b>tutti i marchi<\/b>.\t\t\t\t\t<\/p>\n<p>\n\t\t\t\t\t\tAcquistiamo macchinari usati per la deformazione della lamiera di <b>tutte le tipologie<\/b>.\t\t\t\t\t<\/p>\n<p>\n\t\t\t\t\t\tTrasportiamo, installiamo, istruiamo i nostri Clienti e <b>facciamo assistenza pre e post vendita<\/b>.\t\t\t\t\t<\/p>\n","protected":false},"excerpt":{"rendered":"<p>Disponibile in MACH-TRADE una PRESSA PIEGATRICE TRUMPF mod. TrumaBend V500 Usata con Cnc grafica 3D a colori<\/p>\n","protected":false},"featured_media":13931,"comment_status":"open","ping_status":"closed","template":"","meta":{"anno":"","urlvideo":""},"product_brand":[293],"product_cat":[210,233],"product_tag":[],"class_list":{"0":"post-8630","1":"product","2":"type-product","3":"status-publish","4":"has-post-thumbnail","6":"product_brand-trumpf","7":"product_cat-presse-piegatrici","8":"product_cat-trumpf-presse-piegatrici","10":"first","11":"instock","12":"shipping-taxable","13":"product-type-simple"},"yoast_head":"<!-- This site is optimized with the Yoast SEO plugin v27.5 - https:\/\/yoast.com\/product\/yoast-seo-wordpress\/ -->\n<title>Pressa piegatrice Trumpf TrumaBend V500 - Mach Trade<\/title>\n<meta name=\"robots\" content=\"index, follow, max-snippet:-1, max-image-preview:large, max-video-preview:-1\" \/>\n<link rel=\"canonical\" href=\"https:\/\/www.mach-trade.com\/it\/prodotto\/pressa-piegatrice-trumpf-trumabend-v500\/\" \/>\n<meta property=\"og:locale\" content=\"it_IT\" \/>\n<meta property=\"og:type\" content=\"article\" \/>\n<meta property=\"og:title\" content=\"Pressa piegatrice Trumpf TrumaBend V500 - Mach Trade\" \/>\n<meta property=\"og:description\" content=\"Disponibile in MACH-TRADE una PRESSA PIEGATRICE TRUMPF mod. TrumaBend V500 Usata con Cnc grafica 3D a colori\" \/>\n<meta property=\"og:url\" content=\"https:\/\/www.mach-trade.com\/it\/prodotto\/pressa-piegatrice-trumpf-trumabend-v500\/\" \/>\n<meta property=\"og:site_name\" content=\"Mach Trade\" \/>\n<meta property=\"article:modified_time\" content=\"2025-05-23T07:53:10+00:00\" \/>\n<meta property=\"og:image\" content=\"https:\/\/www.mach-trade.com\/wp-content\/blogs.dir\/90\/files\/2025\/05\/trubend-v500-5.jpg?v=1760690729\" \/>\n\t<meta property=\"og:image:width\" content=\"176\" \/>\n\t<meta property=\"og:image:height\" content=\"263\" \/>\n\t<meta property=\"og:image:type\" content=\"image\/jpeg\" \/>\n<meta name=\"twitter:card\" content=\"summary_large_image\" \/>\n<meta name=\"twitter:label1\" content=\"Tempo di lettura stimato\" \/>\n\t<meta name=\"twitter:data1\" content=\"2 minuti\" \/>\n<script type=\"application\/ld+json\" class=\"yoast-schema-graph\">{\"@context\":\"https:\\\/\\\/schema.org\",\"@graph\":[{\"@type\":\"WebPage\",\"@id\":\"https:\\\/\\\/www.mach-trade.com\\\/it\\\/prodotto\\\/pressa-piegatrice-trumpf-trumabend-v500\\\/\",\"url\":\"https:\\\/\\\/www.mach-trade.com\\\/it\\\/prodotto\\\/pressa-piegatrice-trumpf-trumabend-v500\\\/\",\"name\":\"Pressa piegatrice Trumpf TrumaBend V500 - Mach Trade\",\"isPartOf\":{\"@id\":\"https:\\\/\\\/www.mach-trade.com\\\/it\\\/#website\"},\"primaryImageOfPage\":{\"@id\":\"https:\\\/\\\/www.mach-trade.com\\\/it\\\/prodotto\\\/pressa-piegatrice-trumpf-trumabend-v500\\\/#primaryimage\"},\"image\":{\"@id\":\"https:\\\/\\\/www.mach-trade.com\\\/it\\\/prodotto\\\/pressa-piegatrice-trumpf-trumabend-v500\\\/#primaryimage\"},\"thumbnailUrl\":\"https:\\\/\\\/www.mach-trade.com\\\/wp-content\\\/blogs.dir\\\/90\\\/files\\\/2025\\\/05\\\/trubend-v500-5.jpg?v=1760690729\",\"datePublished\":\"2024-09-19T07:48:55+00:00\",\"dateModified\":\"2025-05-23T07:53:10+00:00\",\"breadcrumb\":{\"@id\":\"https:\\\/\\\/www.mach-trade.com\\\/it\\\/prodotto\\\/pressa-piegatrice-trumpf-trumabend-v500\\\/#breadcrumb\"},\"inLanguage\":\"it-IT\",\"potentialAction\":[{\"@type\":\"ReadAction\",\"target\":[\"https:\\\/\\\/www.mach-trade.com\\\/it\\\/prodotto\\\/pressa-piegatrice-trumpf-trumabend-v500\\\/\"]}]},{\"@type\":\"ImageObject\",\"inLanguage\":\"it-IT\",\"@id\":\"https:\\\/\\\/www.mach-trade.com\\\/it\\\/prodotto\\\/pressa-piegatrice-trumpf-trumabend-v500\\\/#primaryimage\",\"url\":\"https:\\\/\\\/www.mach-trade.com\\\/wp-content\\\/blogs.dir\\\/90\\\/files\\\/2025\\\/05\\\/trubend-v500-5.jpg?v=1760690729\",\"contentUrl\":\"https:\\\/\\\/www.mach-trade.com\\\/wp-content\\\/blogs.dir\\\/90\\\/files\\\/2025\\\/05\\\/trubend-v500-5.jpg?v=1760690729\",\"width\":176,\"height\":263},{\"@type\":\"BreadcrumbList\",\"@id\":\"https:\\\/\\\/www.mach-trade.com\\\/it\\\/prodotto\\\/pressa-piegatrice-trumpf-trumabend-v500\\\/#breadcrumb\",\"itemListElement\":[{\"@type\":\"ListItem\",\"position\":1,\"name\":\"Home\",\"item\":\"https:\\\/\\\/www.mach-trade.com\\\/it\\\/\"},{\"@type\":\"ListItem\",\"position\":2,\"name\":\"Shop\",\"item\":\"https:\\\/\\\/www.mach-trade.com\\\/it\\\/negozio\\\/\"},{\"@type\":\"ListItem\",\"position\":3,\"name\":\"Pressa piegatrice Trumpf TrumaBend V500\"}]},{\"@type\":\"WebSite\",\"@id\":\"https:\\\/\\\/www.mach-trade.com\\\/it\\\/#website\",\"url\":\"https:\\\/\\\/www.mach-trade.com\\\/it\\\/\",\"name\":\"Mach Trade\",\"description\":\"Used machine tools for sale\",\"publisher\":{\"@id\":\"https:\\\/\\\/www.mach-trade.com\\\/it\\\/#organization\"},\"potentialAction\":[{\"@type\":\"SearchAction\",\"target\":{\"@type\":\"EntryPoint\",\"urlTemplate\":\"https:\\\/\\\/www.mach-trade.com\\\/it\\\/?s={search_term_string}\"},\"query-input\":{\"@type\":\"PropertyValueSpecification\",\"valueRequired\":true,\"valueName\":\"search_term_string\"}}],\"inLanguage\":\"it-IT\"},{\"@type\":\"Organization\",\"@id\":\"https:\\\/\\\/www.mach-trade.com\\\/it\\\/#organization\",\"name\":\"Mach Trade\",\"url\":\"https:\\\/\\\/www.mach-trade.com\\\/it\\\/\",\"logo\":{\"@type\":\"ImageObject\",\"inLanguage\":\"it-IT\",\"@id\":\"https:\\\/\\\/www.mach-trade.com\\\/it\\\/#\\\/schema\\\/logo\\\/image\\\/\",\"url\":\"https:\\\/\\\/www.mach-trade.com\\\/wp-content\\\/blogs.dir\\\/90\\\/files\\\/2022\\\/12\\\/MACH-TRADE-logo-2019.jpg\",\"contentUrl\":\"https:\\\/\\\/www.mach-trade.com\\\/wp-content\\\/blogs.dir\\\/90\\\/files\\\/2022\\\/12\\\/MACH-TRADE-logo-2019.jpg\",\"width\":1053,\"height\":290,\"caption\":\"Mach Trade\"},\"image\":{\"@id\":\"https:\\\/\\\/www.mach-trade.com\\\/it\\\/#\\\/schema\\\/logo\\\/image\\\/\"}}]}<\/script>\n<!-- \/ Yoast SEO plugin. -->","yoast_head_json":{"title":"Pressa piegatrice Trumpf TrumaBend V500 - Mach Trade","robots":{"index":"index","follow":"follow","max-snippet":"max-snippet:-1","max-image-preview":"max-image-preview:large","max-video-preview":"max-video-preview:-1"},"canonical":"https:\/\/www.mach-trade.com\/it\/prodotto\/pressa-piegatrice-trumpf-trumabend-v500\/","og_locale":"it_IT","og_type":"article","og_title":"Pressa piegatrice Trumpf TrumaBend V500 - Mach Trade","og_description":"Disponibile in MACH-TRADE una PRESSA PIEGATRICE TRUMPF mod. TrumaBend V500 Usata con Cnc grafica 3D a colori","og_url":"https:\/\/www.mach-trade.com\/it\/prodotto\/pressa-piegatrice-trumpf-trumabend-v500\/","og_site_name":"Mach Trade","article_modified_time":"2025-05-23T07:53:10+00:00","og_image":[{"width":176,"height":263,"url":"https:\/\/www.mach-trade.com\/wp-content\/blogs.dir\/90\/files\/2025\/05\/trubend-v500-5.jpg?v=1760690729","type":"image\/jpeg"}],"twitter_card":"summary_large_image","twitter_misc":{"Tempo di lettura stimato":"2 minuti"},"schema":{"@context":"https:\/\/schema.org","@graph":[{"@type":"WebPage","@id":"https:\/\/www.mach-trade.com\/it\/prodotto\/pressa-piegatrice-trumpf-trumabend-v500\/","url":"https:\/\/www.mach-trade.com\/it\/prodotto\/pressa-piegatrice-trumpf-trumabend-v500\/","name":"Pressa piegatrice Trumpf TrumaBend V500 - Mach Trade","isPartOf":{"@id":"https:\/\/www.mach-trade.com\/it\/#website"},"primaryImageOfPage":{"@id":"https:\/\/www.mach-trade.com\/it\/prodotto\/pressa-piegatrice-trumpf-trumabend-v500\/#primaryimage"},"image":{"@id":"https:\/\/www.mach-trade.com\/it\/prodotto\/pressa-piegatrice-trumpf-trumabend-v500\/#primaryimage"},"thumbnailUrl":"https:\/\/www.mach-trade.com\/wp-content\/blogs.dir\/90\/files\/2025\/05\/trubend-v500-5.jpg?v=1760690729","datePublished":"2024-09-19T07:48:55+00:00","dateModified":"2025-05-23T07:53:10+00:00","breadcrumb":{"@id":"https:\/\/www.mach-trade.com\/it\/prodotto\/pressa-piegatrice-trumpf-trumabend-v500\/#breadcrumb"},"inLanguage":"it-IT","potentialAction":[{"@type":"ReadAction","target":["https:\/\/www.mach-trade.com\/it\/prodotto\/pressa-piegatrice-trumpf-trumabend-v500\/"]}]},{"@type":"ImageObject","inLanguage":"it-IT","@id":"https:\/\/www.mach-trade.com\/it\/prodotto\/pressa-piegatrice-trumpf-trumabend-v500\/#primaryimage","url":"https:\/\/www.mach-trade.com\/wp-content\/blogs.dir\/90\/files\/2025\/05\/trubend-v500-5.jpg?v=1760690729","contentUrl":"https:\/\/www.mach-trade.com\/wp-content\/blogs.dir\/90\/files\/2025\/05\/trubend-v500-5.jpg?v=1760690729","width":176,"height":263},{"@type":"BreadcrumbList","@id":"https:\/\/www.mach-trade.com\/it\/prodotto\/pressa-piegatrice-trumpf-trumabend-v500\/#breadcrumb","itemListElement":[{"@type":"ListItem","position":1,"name":"Home","item":"https:\/\/www.mach-trade.com\/it\/"},{"@type":"ListItem","position":2,"name":"Shop","item":"https:\/\/www.mach-trade.com\/it\/negozio\/"},{"@type":"ListItem","position":3,"name":"Pressa piegatrice Trumpf TrumaBend V500"}]},{"@type":"WebSite","@id":"https:\/\/www.mach-trade.com\/it\/#website","url":"https:\/\/www.mach-trade.com\/it\/","name":"Mach Trade","description":"Used machine tools for sale","publisher":{"@id":"https:\/\/www.mach-trade.com\/it\/#organization"},"potentialAction":[{"@type":"SearchAction","target":{"@type":"EntryPoint","urlTemplate":"https:\/\/www.mach-trade.com\/it\/?s={search_term_string}"},"query-input":{"@type":"PropertyValueSpecification","valueRequired":true,"valueName":"search_term_string"}}],"inLanguage":"it-IT"},{"@type":"Organization","@id":"https:\/\/www.mach-trade.com\/it\/#organization","name":"Mach Trade","url":"https:\/\/www.mach-trade.com\/it\/","logo":{"@type":"ImageObject","inLanguage":"it-IT","@id":"https:\/\/www.mach-trade.com\/it\/#\/schema\/logo\/image\/","url":"https:\/\/www.mach-trade.com\/wp-content\/blogs.dir\/90\/files\/2022\/12\/MACH-TRADE-logo-2019.jpg","contentUrl":"https:\/\/www.mach-trade.com\/wp-content\/blogs.dir\/90\/files\/2022\/12\/MACH-TRADE-logo-2019.jpg","width":1053,"height":290,"caption":"Mach Trade"},"image":{"@id":"https:\/\/www.mach-trade.com\/it\/#\/schema\/logo\/image\/"}}]}},"_links":{"self":[{"href":"https:\/\/www.mach-trade.com\/it\/wp-json\/wp\/v2\/product\/8630","targetHints":{"allow":["GET"]}}],"collection":[{"href":"https:\/\/www.mach-trade.com\/it\/wp-json\/wp\/v2\/product"}],"about":[{"href":"https:\/\/www.mach-trade.com\/it\/wp-json\/wp\/v2\/types\/product"}],"replies":[{"embeddable":true,"href":"https:\/\/www.mach-trade.com\/it\/wp-json\/wp\/v2\/comments?post=8630"}],"wp:featuredmedia":[{"embeddable":true,"href":"https:\/\/www.mach-trade.com\/it\/wp-json\/wp\/v2\/media\/13931"}],"wp:attachment":[{"href":"https:\/\/www.mach-trade.com\/it\/wp-json\/wp\/v2\/media?parent=8630"}],"wp:term":[{"taxonomy":"product_brand","embeddable":true,"href":"https:\/\/www.mach-trade.com\/it\/wp-json\/wp\/v2\/product_brand?post=8630"},{"taxonomy":"product_cat","embeddable":true,"href":"https:\/\/www.mach-trade.com\/it\/wp-json\/wp\/v2\/product_cat?post=8630"},{"taxonomy":"product_tag","embeddable":true,"href":"https:\/\/www.mach-trade.com\/it\/wp-json\/wp\/v2\/product_tag?post=8630"}],"curies":[{"name":"wp","href":"https:\/\/api.w.org\/{rel}","templated":true}]}}