{"id":8628,"date":"2024-09-19T09:48:53","date_gmt":"2024-09-19T07:48:53","guid":{"rendered":"https:\/\/staging-mach-trade.baylife.it\/prodotto\/pressa-piegatrice-trumpf-trumabend-v230x\/"},"modified":"2025-05-23T09:53:08","modified_gmt":"2025-05-23T07:53:08","slug":"pressa-piegatrice-trumpf-trumabend-v230x","status":"publish","type":"product","link":"https:\/\/www.mach-trade.com\/it\/prodotto\/pressa-piegatrice-trumpf-trumabend-v230x\/","title":{"rendered":"Pressa piegatrice Trumpf TrumaBend V230X"},"content":{"rendered":"<p><img fetchpriority=\"high\" decoding=\"async\" width=\"768\" height=\"560\" src=\"https:\/\/www.mach-trade.com\/files\/2019\/10\/pressa-piegatrice-trumpf-v230-768x560.jpg\" alt=\"Pressa piegatrice Trumpf TrumaBend V230X\" \/>\t\t\t\t\t\t\t\t\t\t\t\t\t<\/p>\n<h3>Disponibile in MACH-TRADE<strong>\u00a0<\/strong><\/h3>\n<h2><strong>Pressa Piegatrice oleodinamica Trumpf mod. TrumaBend V230X sincronizzata 6 assi &#8211; usata<\/strong><\/h2>\n<p><strong>Descrizione<\/strong>:<\/p>\n<p><strong>TrumaBend V230X<\/strong>, una macchina di alta qualit\u00e0, progettata per soddisfare le esigenze pi\u00f9 rigorose della <strong>lavorazione delle lamiere<\/strong>. Costruita nel 2000, questa <strong>pressa piegatrice sincronizzata a 6 assi<\/strong> offre prestazioni eccezionali e precisione in ogni applicazione.<\/p>\n<p>Con una <strong>lunghezza massima di piegatura di 3060 mm<\/strong> e una <strong>forza di piegatura massima di 230 tonnellate<\/strong>, la Trumpf TrumaBend V230X \u00e8 adatta per una vasta gamma di operazioni, dai progetti pi\u00f9 semplici a quelli pi\u00f9 complessi. La <strong>corsa massima di 365 mm e l&#8217;apertura massima di 535 mm<\/strong> permettono di lavorare materiali di varie dimensioni con facilit\u00e0 e precisione.<\/p>\n<p>Il <strong>passaggio tra i montanti di 2690 mm<\/strong> e l&#8217;<strong>incavo di 410 mm<\/strong> garantiscono una versatilit\u00e0 eccezionale, mentre la <strong>larghezza del tavolo di 200 mm<\/strong> e <strong>l&#8217;altezza del piano di lavoro di 1050 mm<\/strong> offrono un comfort ottimale per l&#8217;operatore. Il registro posteriore motorizzato, con un <strong>allungo massimo di 860 mm<\/strong> e una <strong>lunghezza utile di 600 mm<\/strong>, assicura una precisione senza pari nelle operazioni di piegatura.<\/p>\n<p>Le <strong>velocit\u00e0 di accostamento e di lavoro regolabili (200 mm\/sec e 1-10 mm\/sec rispettivamente<\/strong>) e la velocit\u00e0 di ritorno di 135 mm\/sec permettono un ciclo di lavoro efficiente, aumentando la produttivit\u00e0 complessiva. Con una potenza <strong>motore di 30 kW<\/strong> e un riempimento olio di 400 litri, questa macchina \u00e8 progettata per durare nel tempo, offrendo affidabilit\u00e0 e prestazioni costanti.<\/p>\n<p>Le dimensioni complessive della macchina sono <strong>3660 mm di lunghezza<\/strong>, <strong>2310 mm di larghezza e 3095 mm di altezza<\/strong>, con un peso totale di 18210 kg, rendendola una soluzione robusta e stabile per qualsiasi officina.<\/p>\n<p><strong>Dati tecnici:<\/strong><\/p>\n<ul>\n<li>Anno fabbricazione: 2000<\/li>\n<li>Lunghezza max di piegatura: 3060 mm<\/li>\n<li>Forza max di piegatura: 230 t<\/li>\n<li>Corsa max: 365 mm<\/li>\n<li>Apertura max: 535 mm<\/li>\n<li>Passaggio tra i montanti: 2690 mm<\/li>\n<li>Incavo: 410 mm<\/li>\n<li>Larghezza tavolo: 200 mm<\/li>\n<li>Altezza piano di lavoro: 1050 mm<\/li>\n<li>Registro posteriore motorizzato allungo max: 860 mm<\/li>\n<li>Lunghezza utile max registro post. motoriz: 600 mm<\/li>\n<li>Velocit\u00e0 max registro posteriore motoriz.: 500 mm\/sec<\/li>\n<li>Corsa max asse R: 250 mm<\/li>\n<li>Velocit\u00e0 di accostamento: 200 mm\/sec<\/li>\n<li>Velocit\u00e0 di lavoro: 1-10 mm\/sec<\/li>\n<li>Velocit\u00e0 di ritorno: 135 mm\/sec<\/li>\n<li>Potenza motore: 30 kW<\/li>\n<li>Riempimento olio: 400 l<\/li>\n<li>Peso macchina: 18210 kg<\/li>\n<li>Dimensioni macchina: 3660 x 2310 mm<\/li>\n<li>Altezza macchina: 3095 mm<\/li>\n<\/ul>\n<p><strong>Contattaci per ricevere tutte le informazioni su questa macchina:<\/strong><\/p>\n<ul>\n<li>utilizza il form di contatto<\/li>\n<li><a href=\"tel:+3904241752573\">telefonaci<\/a><\/li>\n<li><a href=\"mailto:info@mach-trade.com\">scrivici una mail<\/a><\/li>\n<\/ul>\n<p>\t\t\t\t\t<a href=\"mailto:info@mach-trade.com\"><\/p>\n<h2>\n\t\t\t\t\t\tinfo@mach-trade.com\t\t\t\t\t<\/h2>\n<p>\t\t\t\t\t\t<\/a><br \/>\n\t\t\t\t\t<a href=\"tel:+3904241752573\"><\/p>\n<h2>\n\t\t\t\t\t\t+39 0424 1752573 \t\t\t\t\t<\/h2>\n<p>\t\t\t\t\t\t<\/a><\/p>\n<h2>MACH-TRADE SRL il tuo usato first class con assistenza a 360\u00b0<\/h2>\n<p>\n\t\t\t\t\t\tIn MACH-TRADE trovi una vasta scelta di macchine utensili usate e nuove dei migliori marchi <b>in consegna immediata<\/b>.\t\t\t\t\t<\/p>\n<p>\n\t\t\t\t\t\tContattaci per una <b>consulenza personalizzata<\/b>: troveremo la migliore soluzione qualitativa alle tue esigenze produttive.\t\t\t\t\t<\/p>\n<p>\n\t\t\t\t\t\tCompriamo e ritiriamo i tuoi macchinari usati per la deformazione della lamiera con <b>pagamento prima del ritiro<\/b>.\t\t\t\t\t<\/p>\n<p>\n\t\t\t\t\t\tAcquistiamo macchinari usati di <b>tutti i marchi<\/b>.\t\t\t\t\t<\/p>\n<p>\n\t\t\t\t\t\tAcquistiamo macchinari usati per la deformazione della lamiera di <b>tutte le tipologie<\/b>.\t\t\t\t\t<\/p>\n<p>\n\t\t\t\t\t\tTrasportiamo, installiamo, istruiamo i nostri Clienti e <b>facciamo assistenza pre e post vendita<\/b>.\t\t\t\t\t<\/p>\n","protected":false},"excerpt":{"rendered":"<p>Disponibile in MACH-TRADE una PRESSA PIEGATRICE OLEODINAMICA Trumpf TrumaBend V230 Usata sincronizzata 6 ASSI<\/p>\n","protected":false},"featured_media":13930,"comment_status":"open","ping_status":"closed","template":"","meta":{"anno":"","urlvideo":""},"product_brand":[293],"product_cat":[210,233],"product_tag":[],"class_list":{"0":"post-8628","1":"product","2":"type-product","3":"status-publish","4":"has-post-thumbnail","6":"product_brand-trumpf","7":"product_cat-presse-piegatrici","8":"product_cat-trumpf-presse-piegatrici","10":"first","11":"instock","12":"shipping-taxable","13":"product-type-simple"},"yoast_head":"<!-- This site is optimized with the Yoast SEO plugin v27.5 - https:\/\/yoast.com\/product\/yoast-seo-wordpress\/ -->\n<title>Pressa piegatrice Trumpf TrumaBend V230X - Mach Trade<\/title>\n<meta name=\"robots\" content=\"index, follow, max-snippet:-1, max-image-preview:large, max-video-preview:-1\" \/>\n<link rel=\"canonical\" href=\"https:\/\/www.mach-trade.com\/it\/prodotto\/pressa-piegatrice-trumpf-trumabend-v230x\/\" \/>\n<meta property=\"og:locale\" content=\"it_IT\" \/>\n<meta property=\"og:type\" content=\"article\" \/>\n<meta property=\"og:title\" content=\"Pressa piegatrice Trumpf TrumaBend V230X - Mach Trade\" \/>\n<meta property=\"og:description\" content=\"Disponibile in MACH-TRADE una PRESSA PIEGATRICE OLEODINAMICA Trumpf TrumaBend V230 Usata sincronizzata 6 ASSI\" \/>\n<meta property=\"og:url\" content=\"https:\/\/www.mach-trade.com\/it\/prodotto\/pressa-piegatrice-trumpf-trumabend-v230x\/\" \/>\n<meta property=\"og:site_name\" content=\"Mach Trade\" \/>\n<meta property=\"article:modified_time\" content=\"2025-05-23T07:53:08+00:00\" \/>\n<meta property=\"og:image\" content=\"https:\/\/www.mach-trade.com\/wp-content\/blogs.dir\/90\/files\/2025\/05\/trumpf-v230-6.jpg?v=1760690730\" \/>\n\t<meta property=\"og:image:width\" content=\"361\" \/>\n\t<meta property=\"og:image:height\" content=\"263\" \/>\n\t<meta property=\"og:image:type\" content=\"image\/jpeg\" \/>\n<meta name=\"twitter:card\" content=\"summary_large_image\" \/>\n<meta name=\"twitter:label1\" content=\"Tempo di lettura stimato\" \/>\n\t<meta name=\"twitter:data1\" content=\"2 minuti\" \/>\n<script type=\"application\/ld+json\" class=\"yoast-schema-graph\">{\"@context\":\"https:\\\/\\\/schema.org\",\"@graph\":[{\"@type\":\"WebPage\",\"@id\":\"https:\\\/\\\/www.mach-trade.com\\\/it\\\/prodotto\\\/pressa-piegatrice-trumpf-trumabend-v230x\\\/\",\"url\":\"https:\\\/\\\/www.mach-trade.com\\\/it\\\/prodotto\\\/pressa-piegatrice-trumpf-trumabend-v230x\\\/\",\"name\":\"Pressa piegatrice Trumpf TrumaBend V230X - Mach Trade\",\"isPartOf\":{\"@id\":\"https:\\\/\\\/www.mach-trade.com\\\/it\\\/#website\"},\"primaryImageOfPage\":{\"@id\":\"https:\\\/\\\/www.mach-trade.com\\\/it\\\/prodotto\\\/pressa-piegatrice-trumpf-trumabend-v230x\\\/#primaryimage\"},\"image\":{\"@id\":\"https:\\\/\\\/www.mach-trade.com\\\/it\\\/prodotto\\\/pressa-piegatrice-trumpf-trumabend-v230x\\\/#primaryimage\"},\"thumbnailUrl\":\"https:\\\/\\\/www.mach-trade.com\\\/wp-content\\\/blogs.dir\\\/90\\\/files\\\/2025\\\/05\\\/trumpf-v230-6.jpg?v=1760690730\",\"datePublished\":\"2024-09-19T07:48:53+00:00\",\"dateModified\":\"2025-05-23T07:53:08+00:00\",\"breadcrumb\":{\"@id\":\"https:\\\/\\\/www.mach-trade.com\\\/it\\\/prodotto\\\/pressa-piegatrice-trumpf-trumabend-v230x\\\/#breadcrumb\"},\"inLanguage\":\"it-IT\",\"potentialAction\":[{\"@type\":\"ReadAction\",\"target\":[\"https:\\\/\\\/www.mach-trade.com\\\/it\\\/prodotto\\\/pressa-piegatrice-trumpf-trumabend-v230x\\\/\"]}]},{\"@type\":\"ImageObject\",\"inLanguage\":\"it-IT\",\"@id\":\"https:\\\/\\\/www.mach-trade.com\\\/it\\\/prodotto\\\/pressa-piegatrice-trumpf-trumabend-v230x\\\/#primaryimage\",\"url\":\"https:\\\/\\\/www.mach-trade.com\\\/wp-content\\\/blogs.dir\\\/90\\\/files\\\/2025\\\/05\\\/trumpf-v230-6.jpg?v=1760690730\",\"contentUrl\":\"https:\\\/\\\/www.mach-trade.com\\\/wp-content\\\/blogs.dir\\\/90\\\/files\\\/2025\\\/05\\\/trumpf-v230-6.jpg?v=1760690730\",\"width\":361,\"height\":263},{\"@type\":\"BreadcrumbList\",\"@id\":\"https:\\\/\\\/www.mach-trade.com\\\/it\\\/prodotto\\\/pressa-piegatrice-trumpf-trumabend-v230x\\\/#breadcrumb\",\"itemListElement\":[{\"@type\":\"ListItem\",\"position\":1,\"name\":\"Home\",\"item\":\"https:\\\/\\\/www.mach-trade.com\\\/it\\\/\"},{\"@type\":\"ListItem\",\"position\":2,\"name\":\"Shop\",\"item\":\"https:\\\/\\\/www.mach-trade.com\\\/it\\\/negozio\\\/\"},{\"@type\":\"ListItem\",\"position\":3,\"name\":\"Pressa piegatrice Trumpf TrumaBend V230X\"}]},{\"@type\":\"WebSite\",\"@id\":\"https:\\\/\\\/www.mach-trade.com\\\/it\\\/#website\",\"url\":\"https:\\\/\\\/www.mach-trade.com\\\/it\\\/\",\"name\":\"Mach Trade\",\"description\":\"Used machine tools for sale\",\"publisher\":{\"@id\":\"https:\\\/\\\/www.mach-trade.com\\\/it\\\/#organization\"},\"potentialAction\":[{\"@type\":\"SearchAction\",\"target\":{\"@type\":\"EntryPoint\",\"urlTemplate\":\"https:\\\/\\\/www.mach-trade.com\\\/it\\\/?s={search_term_string}\"},\"query-input\":{\"@type\":\"PropertyValueSpecification\",\"valueRequired\":true,\"valueName\":\"search_term_string\"}}],\"inLanguage\":\"it-IT\"},{\"@type\":\"Organization\",\"@id\":\"https:\\\/\\\/www.mach-trade.com\\\/it\\\/#organization\",\"name\":\"Mach Trade\",\"url\":\"https:\\\/\\\/www.mach-trade.com\\\/it\\\/\",\"logo\":{\"@type\":\"ImageObject\",\"inLanguage\":\"it-IT\",\"@id\":\"https:\\\/\\\/www.mach-trade.com\\\/it\\\/#\\\/schema\\\/logo\\\/image\\\/\",\"url\":\"https:\\\/\\\/www.mach-trade.com\\\/wp-content\\\/blogs.dir\\\/90\\\/files\\\/2022\\\/12\\\/MACH-TRADE-logo-2019.jpg\",\"contentUrl\":\"https:\\\/\\\/www.mach-trade.com\\\/wp-content\\\/blogs.dir\\\/90\\\/files\\\/2022\\\/12\\\/MACH-TRADE-logo-2019.jpg\",\"width\":1053,\"height\":290,\"caption\":\"Mach Trade\"},\"image\":{\"@id\":\"https:\\\/\\\/www.mach-trade.com\\\/it\\\/#\\\/schema\\\/logo\\\/image\\\/\"}}]}<\/script>\n<!-- \/ Yoast SEO plugin. -->","yoast_head_json":{"title":"Pressa piegatrice Trumpf TrumaBend V230X - Mach Trade","robots":{"index":"index","follow":"follow","max-snippet":"max-snippet:-1","max-image-preview":"max-image-preview:large","max-video-preview":"max-video-preview:-1"},"canonical":"https:\/\/www.mach-trade.com\/it\/prodotto\/pressa-piegatrice-trumpf-trumabend-v230x\/","og_locale":"it_IT","og_type":"article","og_title":"Pressa piegatrice Trumpf TrumaBend V230X - Mach Trade","og_description":"Disponibile in MACH-TRADE una PRESSA PIEGATRICE OLEODINAMICA Trumpf TrumaBend V230 Usata sincronizzata 6 ASSI","og_url":"https:\/\/www.mach-trade.com\/it\/prodotto\/pressa-piegatrice-trumpf-trumabend-v230x\/","og_site_name":"Mach Trade","article_modified_time":"2025-05-23T07:53:08+00:00","og_image":[{"width":361,"height":263,"url":"https:\/\/www.mach-trade.com\/wp-content\/blogs.dir\/90\/files\/2025\/05\/trumpf-v230-6.jpg?v=1760690730","type":"image\/jpeg"}],"twitter_card":"summary_large_image","twitter_misc":{"Tempo di lettura stimato":"2 minuti"},"schema":{"@context":"https:\/\/schema.org","@graph":[{"@type":"WebPage","@id":"https:\/\/www.mach-trade.com\/it\/prodotto\/pressa-piegatrice-trumpf-trumabend-v230x\/","url":"https:\/\/www.mach-trade.com\/it\/prodotto\/pressa-piegatrice-trumpf-trumabend-v230x\/","name":"Pressa piegatrice Trumpf TrumaBend V230X - Mach Trade","isPartOf":{"@id":"https:\/\/www.mach-trade.com\/it\/#website"},"primaryImageOfPage":{"@id":"https:\/\/www.mach-trade.com\/it\/prodotto\/pressa-piegatrice-trumpf-trumabend-v230x\/#primaryimage"},"image":{"@id":"https:\/\/www.mach-trade.com\/it\/prodotto\/pressa-piegatrice-trumpf-trumabend-v230x\/#primaryimage"},"thumbnailUrl":"https:\/\/www.mach-trade.com\/wp-content\/blogs.dir\/90\/files\/2025\/05\/trumpf-v230-6.jpg?v=1760690730","datePublished":"2024-09-19T07:48:53+00:00","dateModified":"2025-05-23T07:53:08+00:00","breadcrumb":{"@id":"https:\/\/www.mach-trade.com\/it\/prodotto\/pressa-piegatrice-trumpf-trumabend-v230x\/#breadcrumb"},"inLanguage":"it-IT","potentialAction":[{"@type":"ReadAction","target":["https:\/\/www.mach-trade.com\/it\/prodotto\/pressa-piegatrice-trumpf-trumabend-v230x\/"]}]},{"@type":"ImageObject","inLanguage":"it-IT","@id":"https:\/\/www.mach-trade.com\/it\/prodotto\/pressa-piegatrice-trumpf-trumabend-v230x\/#primaryimage","url":"https:\/\/www.mach-trade.com\/wp-content\/blogs.dir\/90\/files\/2025\/05\/trumpf-v230-6.jpg?v=1760690730","contentUrl":"https:\/\/www.mach-trade.com\/wp-content\/blogs.dir\/90\/files\/2025\/05\/trumpf-v230-6.jpg?v=1760690730","width":361,"height":263},{"@type":"BreadcrumbList","@id":"https:\/\/www.mach-trade.com\/it\/prodotto\/pressa-piegatrice-trumpf-trumabend-v230x\/#breadcrumb","itemListElement":[{"@type":"ListItem","position":1,"name":"Home","item":"https:\/\/www.mach-trade.com\/it\/"},{"@type":"ListItem","position":2,"name":"Shop","item":"https:\/\/www.mach-trade.com\/it\/negozio\/"},{"@type":"ListItem","position":3,"name":"Pressa piegatrice Trumpf TrumaBend V230X"}]},{"@type":"WebSite","@id":"https:\/\/www.mach-trade.com\/it\/#website","url":"https:\/\/www.mach-trade.com\/it\/","name":"Mach Trade","description":"Used machine tools for sale","publisher":{"@id":"https:\/\/www.mach-trade.com\/it\/#organization"},"potentialAction":[{"@type":"SearchAction","target":{"@type":"EntryPoint","urlTemplate":"https:\/\/www.mach-trade.com\/it\/?s={search_term_string}"},"query-input":{"@type":"PropertyValueSpecification","valueRequired":true,"valueName":"search_term_string"}}],"inLanguage":"it-IT"},{"@type":"Organization","@id":"https:\/\/www.mach-trade.com\/it\/#organization","name":"Mach Trade","url":"https:\/\/www.mach-trade.com\/it\/","logo":{"@type":"ImageObject","inLanguage":"it-IT","@id":"https:\/\/www.mach-trade.com\/it\/#\/schema\/logo\/image\/","url":"https:\/\/www.mach-trade.com\/wp-content\/blogs.dir\/90\/files\/2022\/12\/MACH-TRADE-logo-2019.jpg","contentUrl":"https:\/\/www.mach-trade.com\/wp-content\/blogs.dir\/90\/files\/2022\/12\/MACH-TRADE-logo-2019.jpg","width":1053,"height":290,"caption":"Mach Trade"},"image":{"@id":"https:\/\/www.mach-trade.com\/it\/#\/schema\/logo\/image\/"}}]}},"_links":{"self":[{"href":"https:\/\/www.mach-trade.com\/it\/wp-json\/wp\/v2\/product\/8628","targetHints":{"allow":["GET"]}}],"collection":[{"href":"https:\/\/www.mach-trade.com\/it\/wp-json\/wp\/v2\/product"}],"about":[{"href":"https:\/\/www.mach-trade.com\/it\/wp-json\/wp\/v2\/types\/product"}],"replies":[{"embeddable":true,"href":"https:\/\/www.mach-trade.com\/it\/wp-json\/wp\/v2\/comments?post=8628"}],"wp:featuredmedia":[{"embeddable":true,"href":"https:\/\/www.mach-trade.com\/it\/wp-json\/wp\/v2\/media\/13930"}],"wp:attachment":[{"href":"https:\/\/www.mach-trade.com\/it\/wp-json\/wp\/v2\/media?parent=8628"}],"wp:term":[{"taxonomy":"product_brand","embeddable":true,"href":"https:\/\/www.mach-trade.com\/it\/wp-json\/wp\/v2\/product_brand?post=8628"},{"taxonomy":"product_cat","embeddable":true,"href":"https:\/\/www.mach-trade.com\/it\/wp-json\/wp\/v2\/product_cat?post=8628"},{"taxonomy":"product_tag","embeddable":true,"href":"https:\/\/www.mach-trade.com\/it\/wp-json\/wp\/v2\/product_tag?post=8628"}],"curies":[{"name":"wp","href":"https:\/\/api.w.org\/{rel}","templated":true}]}}